{"id":10750,"date":"2019-08-16T18:58:08","date_gmt":"2019-08-16T16:58:08","guid":{"rendered":"https:\/\/licence24.de\/wordpress\/wordpress\/?page_id=10750"},"modified":"2019-08-18T19:35:16","modified_gmt":"2019-08-18T17:35:16","slug":"dorothee","status":"publish","type":"page","link":"https:\/\/licence24.de\/wordpress\/wordpress\/my-amazons\/dorothee\/","title":{"rendered":"Dorothee, Marriage Counselor"},"content":{"rendered":"<p>&nbsp;<\/p>\n<p><img loading=\"lazy\" decoding=\"async\" class=\"wp-image-10753 aligncenter\" src=\"https:\/\/licence24.de\/wordpress\/wordpress\/wp-content\/uploads\/2019\/08\/marriage_therapy2_5.jpg\" alt=\"\" width=\"419\" height=\"334\" srcset=\"https:\/\/licence24.de\/wordpress\/wordpress\/wp-content\/uploads\/2019\/08\/marriage_therapy2_5.jpg 336w, https:\/\/licence24.de\/wordpress\/wordpress\/wp-content\/uploads\/2019\/08\/marriage_therapy2_5-300x239.jpg 300w\" sizes=\"auto, (max-width: 419px) 100vw, 419px\" \/><\/p>\n<p>&nbsp;<\/p>\n<p><strong>Dorothee<\/strong>, eine <strong>Eheberaterin<\/strong>,\u00a0 kam aus <strong>Hamburg<\/strong> und war eine meiner ersten Amazonen.<\/p>\n<p>Facesitting und schmerzhaftes Stretching war ihre gro\u00dfe Leidenschaft. Sie war verbal so richtig gut drauf. Deshalb sind die Videos mit ihr speziell f\u00fcr deutschsprachige Zuschauer ein Hochgenu\u00df.<\/p>\n<p>&nbsp;<\/p>\n<figure id=\"attachment_3247\" aria-describedby=\"caption-attachment-3247\" style=\"width: 520px\" class=\"wp-caption aligncenter\"><img loading=\"lazy\" decoding=\"async\" class=\" wp-image-3247\" src=\"https:\/\/licence24.de\/wordpress\/wordpress\/wp-content\/uploads\/2018\/04\/w1-Kopie.jpg\" alt=\"\" width=\"520\" height=\"389\" srcset=\"https:\/\/licence24.de\/wordpress\/wordpress\/wp-content\/uploads\/2018\/04\/w1-Kopie.jpg 400w, https:\/\/licence24.de\/wordpress\/wordpress\/wp-content\/uploads\/2018\/04\/w1-Kopie-300x224.jpg 300w\" sizes=\"auto, (max-width: 520px) 100vw, 520px\" \/><figcaption id=\"caption-attachment-3247\" class=\"wp-caption-text\"><em>Eines meiner ersten Videos \"Waldeslust\" \/ One of my first videos<\/em><\/figcaption><\/figure>\n<p>&nbsp;<\/p>\n<p><strong>Dorothee<\/strong>, a <strong>Marriage Counselor<\/strong>, came from <strong>Hamburg<\/strong> and was one of my first Amazons.<\/p>\n<p>Facesitting and painful stretching was her great passion. She was really in a good mood verbally. That's why the videos with her are a real treat for German-speaking viewers.<\/p>\n<p>&nbsp;<\/p>\n<p><img loading=\"lazy\" decoding=\"async\" class=\"wp-image-10756 aligncenter\" src=\"https:\/\/licence24.de\/wordpress\/wordpress\/wp-content\/uploads\/2019\/08\/h26_7.jpg\" alt=\"\" width=\"476\" height=\"362\" srcset=\"https:\/\/licence24.de\/wordpress\/wordpress\/wp-content\/uploads\/2019\/08\/h26_7.jpg 400w, https:\/\/licence24.de\/wordpress\/wordpress\/wp-content\/uploads\/2019\/08\/h26_7-300x228.jpg 300w\" sizes=\"auto, (max-width: 476px) 100vw, 476px\" \/><\/p>\n<p>&nbsp;<\/p>\n<h2>Filme - Featured in<\/h2>\n<p><a href=\"https:\/\/licence24.de\/wordpress\/wordpress\/meine-filme-my-movies\/eheberatung-marriage-therapy\/\" target=\"_blank\" rel=\"noopener noreferrer\">Ehe-Therapie - Marriage Therapy<\/a><span style=\"color: #ffff00;\"> (new mp4 version)<\/span><\/p>\n<p><a href=\"https:\/\/licence24.de\/wordpress\/wordpress\/meine-filme-my-movies\/triple-trouble-max-geht-fremd\/\" target=\"_blank\" rel=\"noopener noreferrer\">Triple Trouble<\/a> <span style=\"color: #ffff00;\">(new mp4 version)<\/span><\/p>\n<p><a class=\"clipTitleLink\" href=\"https:\/\/www.clips4sale.com\/studio\/4922\/18566423\/AnnDees+Classics+%233+The+Suffering+of+MaxMan\" data-method=\"getClip\" data-clipid=\"18566423\">AnnDees Classics #3 The Suffering of MaxMan<\/a><span style=\"color: #ffff00;\">(new mp4 version)<\/span><\/p>\n<p><a class=\"clipTitleLink\" href=\"https:\/\/www.clips4sale.com\/studio\/4922\/17171682\/AnnDees+Classics+%231+Waldeslust%2C+new+mp4+version\" data-method=\"getClip\" data-clipid=\"17171682\">AnnDees Classics #1 Waldeslust <\/a><span style=\"color: #ffff00;\">(new mp4 version)<\/span><\/p>\n<p><a href=\"https:\/\/clips4sale.com\/4922\/9416675\" target=\"_blank\" rel=\"noopener noreferrer\">Feet Erotic Special #1<\/a><\/p>\n<p><a class=\"clipTitleLink\" href=\"https:\/\/clips4sale.com\/4922\/11812195\" target=\"_blank\" rel=\"noopener noreferrer\" data-method=\"getClip\" data-clipid=\"11812195\">FeetErotic Special #2<\/a><\/p>\n<p><a href=\"https:\/\/licence24.de\/wordpress\/wordpress\/meine-filme-my-movies\/frau-wuerger-mrs-strangler\/\">Frau W\u00fcrger - Mrs. Strangler<\/a> <span style=\"color: #ffff00;\">(new version 2019)<\/span><span style=\"color: #ff0000;\"><br \/>\n<\/span><\/p>\n<p>&nbsp;<\/p>\n<p>Views: 34<\/p>","protected":false},"excerpt":{"rendered":"<p>&nbsp; &nbsp; Dorothee, eine Eheberaterin,\u00a0 kam aus Hamburg und war eine meiner ersten Amazonen. Facesitting und schmerzhaftes Stretching war ihre gro\u00dfe Leidenschaft. Sie war verbal so richtig gut drauf. Deshalb sind die Videos mit ihr speziell f\u00fcr deutschsprachige Zuschauer ein Hochgenu\u00df. &nbsp; &nbsp; Dorothee, a Marriage Counselor, came from Hamburg and was one of my &hellip; <\/p>\n<p class=\"link-more\"><a href=\"https:\/\/licence24.de\/wordpress\/wordpress\/my-amazons\/dorothee\/\" class=\"read-more\">Read More<span class=\"screen-reader-text\"> &#8220;Dorothee, Marriage Counselor&#8221;<\/span><\/a><\/p>\n","protected":false},"author":1,"featured_media":10753,"parent":9989,"menu_order":0,"comment_status":"closed","ping_status":"closed","template":"","meta":{"_lmt_disableupdate":"no","_lmt_disable":"","_exactmetrics_skip_tracking":false,"_exactmetrics_sitenote_active":false,"_exactmetrics_sitenote_note":"","_exactmetrics_sitenote_category":0,"_monsterinsights_skip_tracking":false,"_monsterinsights_sitenote_active":false,"_monsterinsights_sitenote_note":"","_monsterinsights_sitenote_category":0,"footnotes":""},"class_list":["post-10750","page","type-page","status-publish","has-post-thumbnail","hentry"],"yoast_head":"<!-- This site is optimized with the Yoast SEO plugin v27.5 - https:\/\/yoast.com\/product\/yoast-seo-wordpress\/ -->\n<title>Dorothee, Marriage Counselor - licence24.de Blog<\/title>\n<meta name=\"robots\" content=\"index, follow, max-snippet:-1, max-image-preview:large, max-video-preview:-1\" \/>\n<link rel=\"canonical\" href=\"https:\/\/licence24.de\/wordpress\/wordpress\/my-amazons\/dorothee\/\" \/>\n<meta property=\"og:locale\" content=\"de_DE\" \/>\n<meta property=\"og:type\" content=\"article\" \/>\n<meta property=\"og:title\" content=\"Dorothee, Marriage Counselor - licence24.de Blog\" \/>\n<meta property=\"og:description\" content=\"&nbsp; &nbsp; Dorothee, eine Eheberaterin,\u00a0 kam aus Hamburg und war eine meiner ersten Amazonen. Facesitting und schmerzhaftes Stretching war ihre gro\u00dfe Leidenschaft. Sie war verbal so richtig gut drauf. Deshalb sind die Videos mit ihr speziell f\u00fcr deutschsprachige Zuschauer ein Hochgenu\u00df. &nbsp; &nbsp; Dorothee, a Marriage Counselor, came from Hamburg and was one of my &hellip; Read More &quot;Dorothee, Marriage Counselor&quot;\" \/>\n<meta property=\"og:url\" content=\"https:\/\/licence24.de\/wordpress\/wordpress\/my-amazons\/dorothee\/\" \/>\n<meta property=\"og:site_name\" content=\"licence24.de Blog\" \/>\n<meta property=\"article:modified_time\" content=\"2019-08-18T17:35:16+00:00\" \/>\n<meta property=\"og:image\" content=\"https:\/\/licence24.de\/wordpress\/wordpress\/wp-content\/uploads\/2019\/08\/marriage_therapy2_5.jpg\" \/>\n\t<meta property=\"og:image:width\" content=\"336\" \/>\n\t<meta property=\"og:image:height\" content=\"268\" \/>\n\t<meta property=\"og:image:type\" content=\"image\/jpeg\" \/>\n<meta name=\"twitter:card\" content=\"summary_large_image\" \/>\n<meta name=\"twitter:label1\" content=\"Gesch\u00e4tzte Lesezeit\" \/>\n\t<meta name=\"twitter:data1\" content=\"1\u00a0Minute\" \/>\n<script type=\"application\/ld+json\" class=\"yoast-schema-graph\">{\"@context\":\"https:\\\/\\\/schema.org\",\"@graph\":[{\"@type\":\"WebPage\",\"@id\":\"https:\\\/\\\/licence24.de\\\/wordpress\\\/wordpress\\\/my-amazons\\\/dorothee\\\/\",\"url\":\"https:\\\/\\\/licence24.de\\\/wordpress\\\/wordpress\\\/my-amazons\\\/dorothee\\\/\",\"name\":\"Dorothee, Marriage Counselor - licence24.de Blog\",\"isPartOf\":{\"@id\":\"https:\\\/\\\/licence24.de\\\/wordpress\\\/wordpress\\\/#website\"},\"primaryImageOfPage\":{\"@id\":\"https:\\\/\\\/licence24.de\\\/wordpress\\\/wordpress\\\/my-amazons\\\/dorothee\\\/#primaryimage\"},\"image\":{\"@id\":\"https:\\\/\\\/licence24.de\\\/wordpress\\\/wordpress\\\/my-amazons\\\/dorothee\\\/#primaryimage\"},\"thumbnailUrl\":\"https:\\\/\\\/licence24.de\\\/wordpress\\\/wordpress\\\/wp-content\\\/uploads\\\/2019\\\/08\\\/marriage_therapy2_5.jpg\",\"datePublished\":\"2019-08-16T16:58:08+00:00\",\"dateModified\":\"2019-08-18T17:35:16+00:00\",\"breadcrumb\":{\"@id\":\"https:\\\/\\\/licence24.de\\\/wordpress\\\/wordpress\\\/my-amazons\\\/dorothee\\\/#breadcrumb\"},\"inLanguage\":\"de\",\"potentialAction\":[{\"@type\":\"ReadAction\",\"target\":[\"https:\\\/\\\/licence24.de\\\/wordpress\\\/wordpress\\\/my-amazons\\\/dorothee\\\/\"]}]},{\"@type\":\"ImageObject\",\"inLanguage\":\"de\",\"@id\":\"https:\\\/\\\/licence24.de\\\/wordpress\\\/wordpress\\\/my-amazons\\\/dorothee\\\/#primaryimage\",\"url\":\"https:\\\/\\\/licence24.de\\\/wordpress\\\/wordpress\\\/wp-content\\\/uploads\\\/2019\\\/08\\\/marriage_therapy2_5.jpg\",\"contentUrl\":\"https:\\\/\\\/licence24.de\\\/wordpress\\\/wordpress\\\/wp-content\\\/uploads\\\/2019\\\/08\\\/marriage_therapy2_5.jpg\",\"width\":336,\"height\":268,\"caption\":\"Dorothee\"},{\"@type\":\"BreadcrumbList\",\"@id\":\"https:\\\/\\\/licence24.de\\\/wordpress\\\/wordpress\\\/my-amazons\\\/dorothee\\\/#breadcrumb\",\"itemListElement\":[{\"@type\":\"ListItem\",\"position\":1,\"name\":\"Startseite\",\"item\":\"https:\\\/\\\/licence24.de\\\/wordpress\\\/wordpress\\\/\"},{\"@type\":\"ListItem\",\"position\":2,\"name\":\"Meine Amazonen &#8211; My Amazons\",\"item\":\"https:\\\/\\\/licence24.de\\\/wordpress\\\/wordpress\\\/my-amazons\\\/\"},{\"@type\":\"ListItem\",\"position\":3,\"name\":\"Dorothee, Marriage Counselor\"}]},{\"@type\":\"WebSite\",\"@id\":\"https:\\\/\\\/licence24.de\\\/wordpress\\\/wordpress\\\/#website\",\"url\":\"https:\\\/\\\/licence24.de\\\/wordpress\\\/wordpress\\\/\",\"name\":\"licence24.de Blog\",\"description\":\"AnnDees Amazons\u2122  eMail: ad@licence24.de\",\"publisher\":{\"@id\":\"https:\\\/\\\/licence24.de\\\/wordpress\\\/wordpress\\\/#\\\/schema\\\/person\\\/a0fb60ac1b8d463f90af7afaa6534332\"},\"potentialAction\":[{\"@type\":\"SearchAction\",\"target\":{\"@type\":\"EntryPoint\",\"urlTemplate\":\"https:\\\/\\\/licence24.de\\\/wordpress\\\/wordpress\\\/?s={search_term_string}\"},\"query-input\":{\"@type\":\"PropertyValueSpecification\",\"valueRequired\":true,\"valueName\":\"search_term_string\"}}],\"inLanguage\":\"de\"},{\"@type\":[\"Person\",\"Organization\"],\"@id\":\"https:\\\/\\\/licence24.de\\\/wordpress\\\/wordpress\\\/#\\\/schema\\\/person\\\/a0fb60ac1b8d463f90af7afaa6534332\",\"name\":\"AnnDee\",\"image\":{\"@type\":\"ImageObject\",\"inLanguage\":\"de\",\"@id\":\"https:\\\/\\\/licence24.de\\\/wordpress\\\/wordpress\\\/wp-content\\\/uploads\\\/2021\\\/12\\\/logo_licence_klein-2.jpg\",\"url\":\"https:\\\/\\\/licence24.de\\\/wordpress\\\/wordpress\\\/wp-content\\\/uploads\\\/2021\\\/12\\\/logo_licence_klein-2.jpg\",\"contentUrl\":\"https:\\\/\\\/licence24.de\\\/wordpress\\\/wordpress\\\/wp-content\\\/uploads\\\/2021\\\/12\\\/logo_licence_klein-2.jpg\",\"width\":100,\"height\":100,\"caption\":\"AnnDee\"},\"logo\":{\"@id\":\"https:\\\/\\\/licence24.de\\\/wordpress\\\/wordpress\\\/wp-content\\\/uploads\\\/2021\\\/12\\\/logo_licence_klein-2.jpg\"},\"sameAs\":[\"https:\\\/\\\/licence24.de\"]}]}<\/script>\n<!-- \/ Yoast SEO plugin. -->","yoast_head_json":{"title":"Dorothee, Marriage Counselor - licence24.de Blog","robots":{"index":"index","follow":"follow","max-snippet":"max-snippet:-1","max-image-preview":"max-image-preview:large","max-video-preview":"max-video-preview:-1"},"canonical":"https:\/\/licence24.de\/wordpress\/wordpress\/my-amazons\/dorothee\/","og_locale":"de_DE","og_type":"article","og_title":"Dorothee, Marriage Counselor - licence24.de Blog","og_description":"&nbsp; &nbsp; Dorothee, eine Eheberaterin,\u00a0 kam aus Hamburg und war eine meiner ersten Amazonen. Facesitting und schmerzhaftes Stretching war ihre gro\u00dfe Leidenschaft. Sie war verbal so richtig gut drauf. Deshalb sind die Videos mit ihr speziell f\u00fcr deutschsprachige Zuschauer ein Hochgenu\u00df. &nbsp; &nbsp; Dorothee, a Marriage Counselor, came from Hamburg and was one of my &hellip; Read More \"Dorothee, Marriage Counselor\"","og_url":"https:\/\/licence24.de\/wordpress\/wordpress\/my-amazons\/dorothee\/","og_site_name":"licence24.de Blog","article_modified_time":"2019-08-18T17:35:16+00:00","og_image":[{"width":336,"height":268,"url":"https:\/\/licence24.de\/wordpress\/wordpress\/wp-content\/uploads\/2019\/08\/marriage_therapy2_5.jpg","type":"image\/jpeg"}],"twitter_card":"summary_large_image","twitter_misc":{"Gesch\u00e4tzte Lesezeit":"1\u00a0Minute"},"schema":{"@context":"https:\/\/schema.org","@graph":[{"@type":"WebPage","@id":"https:\/\/licence24.de\/wordpress\/wordpress\/my-amazons\/dorothee\/","url":"https:\/\/licence24.de\/wordpress\/wordpress\/my-amazons\/dorothee\/","name":"Dorothee, Marriage Counselor - licence24.de Blog","isPartOf":{"@id":"https:\/\/licence24.de\/wordpress\/wordpress\/#website"},"primaryImageOfPage":{"@id":"https:\/\/licence24.de\/wordpress\/wordpress\/my-amazons\/dorothee\/#primaryimage"},"image":{"@id":"https:\/\/licence24.de\/wordpress\/wordpress\/my-amazons\/dorothee\/#primaryimage"},"thumbnailUrl":"https:\/\/licence24.de\/wordpress\/wordpress\/wp-content\/uploads\/2019\/08\/marriage_therapy2_5.jpg","datePublished":"2019-08-16T16:58:08+00:00","dateModified":"2019-08-18T17:35:16+00:00","breadcrumb":{"@id":"https:\/\/licence24.de\/wordpress\/wordpress\/my-amazons\/dorothee\/#breadcrumb"},"inLanguage":"de","potentialAction":[{"@type":"ReadAction","target":["https:\/\/licence24.de\/wordpress\/wordpress\/my-amazons\/dorothee\/"]}]},{"@type":"ImageObject","inLanguage":"de","@id":"https:\/\/licence24.de\/wordpress\/wordpress\/my-amazons\/dorothee\/#primaryimage","url":"https:\/\/licence24.de\/wordpress\/wordpress\/wp-content\/uploads\/2019\/08\/marriage_therapy2_5.jpg","contentUrl":"https:\/\/licence24.de\/wordpress\/wordpress\/wp-content\/uploads\/2019\/08\/marriage_therapy2_5.jpg","width":336,"height":268,"caption":"Dorothee"},{"@type":"BreadcrumbList","@id":"https:\/\/licence24.de\/wordpress\/wordpress\/my-amazons\/dorothee\/#breadcrumb","itemListElement":[{"@type":"ListItem","position":1,"name":"Startseite","item":"https:\/\/licence24.de\/wordpress\/wordpress\/"},{"@type":"ListItem","position":2,"name":"Meine Amazonen &#8211; My Amazons","item":"https:\/\/licence24.de\/wordpress\/wordpress\/my-amazons\/"},{"@type":"ListItem","position":3,"name":"Dorothee, Marriage Counselor"}]},{"@type":"WebSite","@id":"https:\/\/licence24.de\/wordpress\/wordpress\/#website","url":"https:\/\/licence24.de\/wordpress\/wordpress\/","name":"licence24.de Blog","description":"AnnDees Amazons\u2122  eMail: ad@licence24.de","publisher":{"@id":"https:\/\/licence24.de\/wordpress\/wordpress\/#\/schema\/person\/a0fb60ac1b8d463f90af7afaa6534332"},"potentialAction":[{"@type":"SearchAction","target":{"@type":"EntryPoint","urlTemplate":"https:\/\/licence24.de\/wordpress\/wordpress\/?s={search_term_string}"},"query-input":{"@type":"PropertyValueSpecification","valueRequired":true,"valueName":"search_term_string"}}],"inLanguage":"de"},{"@type":["Person","Organization"],"@id":"https:\/\/licence24.de\/wordpress\/wordpress\/#\/schema\/person\/a0fb60ac1b8d463f90af7afaa6534332","name":"AnnDee","image":{"@type":"ImageObject","inLanguage":"de","@id":"https:\/\/licence24.de\/wordpress\/wordpress\/wp-content\/uploads\/2021\/12\/logo_licence_klein-2.jpg","url":"https:\/\/licence24.de\/wordpress\/wordpress\/wp-content\/uploads\/2021\/12\/logo_licence_klein-2.jpg","contentUrl":"https:\/\/licence24.de\/wordpress\/wordpress\/wp-content\/uploads\/2021\/12\/logo_licence_klein-2.jpg","width":100,"height":100,"caption":"AnnDee"},"logo":{"@id":"https:\/\/licence24.de\/wordpress\/wordpress\/wp-content\/uploads\/2021\/12\/logo_licence_klein-2.jpg"},"sameAs":["https:\/\/licence24.de"]}]}},"jetpack_sharing_enabled":true,"_links":{"self":[{"href":"https:\/\/licence24.de\/wordpress\/wordpress\/wp-json\/wp\/v2\/pages\/10750","targetHints":{"allow":["GET"]}}],"collection":[{"href":"https:\/\/licence24.de\/wordpress\/wordpress\/wp-json\/wp\/v2\/pages"}],"about":[{"href":"https:\/\/licence24.de\/wordpress\/wordpress\/wp-json\/wp\/v2\/types\/page"}],"author":[{"embeddable":true,"href":"https:\/\/licence24.de\/wordpress\/wordpress\/wp-json\/wp\/v2\/users\/1"}],"replies":[{"embeddable":true,"href":"https:\/\/licence24.de\/wordpress\/wordpress\/wp-json\/wp\/v2\/comments?post=10750"}],"version-history":[{"count":0,"href":"https:\/\/licence24.de\/wordpress\/wordpress\/wp-json\/wp\/v2\/pages\/10750\/revisions"}],"up":[{"embeddable":true,"href":"https:\/\/licence24.de\/wordpress\/wordpress\/wp-json\/wp\/v2\/pages\/9989"}],"wp:featuredmedia":[{"embeddable":true,"href":"https:\/\/licence24.de\/wordpress\/wordpress\/wp-json\/wp\/v2\/media\/10753"}],"wp:attachment":[{"href":"https:\/\/licence24.de\/wordpress\/wordpress\/wp-json\/wp\/v2\/media?parent=10750"}],"curies":[{"name":"wp","href":"https:\/\/api.w.org\/{rel}","templated":true}]}}