{"id":9318,"date":"2019-02-13T18:17:40","date_gmt":"2019-02-13T17:17:40","guid":{"rendered":"https:\/\/licence24.de\/wordpress\/wordpress\/?page_id=9318"},"modified":"2019-02-14T12:35:46","modified_gmt":"2019-02-14T11:35:46","slug":"was-ist-makrophilie","status":"publish","type":"page","link":"https:\/\/licence24.de\/wordpress\/wordpress\/was-ist-makrophilie\/","title":{"rendered":"Was ist Makrophilie?"},"content":{"rendered":"<figure id=\"attachment_9319\" aria-describedby=\"caption-attachment-9319\" style=\"width: 568px\" class=\"wp-caption alignnone\"><img loading=\"lazy\" decoding=\"async\" class=\" wp-image-9319\" src=\"https:\/\/licence24.de\/wordpress\/wordpress\/wp-content\/uploads\/2019\/02\/makrophil2-199x300.jpg\" alt=\"\" width=\"568\" height=\"856\" srcset=\"https:\/\/licence24.de\/wordpress\/wordpress\/wp-content\/uploads\/2019\/02\/makrophil2-199x300.jpg 199w, https:\/\/licence24.de\/wordpress\/wordpress\/wp-content\/uploads\/2019\/02\/makrophil2.jpg 417w\" sizes=\"auto, (max-width: 568px) 100vw, 568px\" \/><figcaption id=\"caption-attachment-9319\" class=\"wp-caption-text\"><em>Die Frau der Zukunft?<\/em><\/figcaption><\/figure>\n<p>Hier entsteht eine Seite \u00fcber <a class=\"cm_anchor\" href=\"https:\/\/de.wikipedia.org\/wiki\/Makrophilie\" target=\"_blank\" rel=\"noopener\">Makrophilie. <\/a> <strong>Nein, Makrophilie ist nichts Unanst\u00e4ndiges!<\/strong><\/p>\n<p>Da ich selbst makrophil in der Form bin, dass mich Frauen, die gr\u00f6\u00dfer sind als ich, sexuell erregen, m\u00f6chte ich hier \u00fcber Makrophilie aus meiner Sicht berichten. Im \u00dcbrigen bezieht sich die Makrophilie bei mir auch auf die (gr\u00f6\u00dferen) H\u00e4nde meiner Sexualpartnerin. F\u00fc\u00dfe hingegen interessieren mich nicht, im Gegensatz zu der Vielzahl makrophiler M\u00e4nner. Und mich interessieren nur echte gro\u00dfgewachsene Frauen, also keine Phantasie-Riesinnen auf gefakten Photos.<\/p>\n<div class=\"cm_column_wrapper\">\n<div class=\"cm_column cm-container-large cm-container-no-columns-2\">\n<p>Das Dumme an der ganzen Angelegenheit ist, dass es diese sexuelle Neigung ganz offensichtlich bei Frauen nicht gibt, also dass Frauen durch M\u00e4nner, die kleiner sind als sie selbst, sexuell angeregt werden. Es gibt also scheinbar kein \"Gegenst\u00fcck\" f\u00fcr den makrophilen Mann. Das w\u00e4ren dann mikrophile Frauen. Dagegen glaube ich schon, dass es makrophile Frauen gibt. Ein Hinweis darauf w\u00e4re, dass sich die meisten Frauen einen Mann w\u00fcnschen, der gr\u00f6\u00dfer ist, als sie selbst.<\/p>\n<p>Ich bin fest davon \u00fcberzeugt, dass diese sexuelle Vorliebe bei mir in der Kindheit entstanden ist.<\/p>\n<p>Die Lehrerinnen, die mich geohrfeigt haben, waren ja gr\u00f6\u00dfer als ich damals als Zehnj\u00e4hriger. Und meine Sportlehrerin war nicht nur gro\u00df, sondern hatte auch dazu noch diese gewaltigen, aber gut definierten Oberschenkel, die mich heute noch verr\u00fcckt machen.<\/p>\n<p>Ja, ich mag eben Alles eine Nummer gr\u00f6\u00dfer bei Frauen.<\/p>\n<p>Da f\u00e4llt mir ein, dass im Tierreich die Weibchen auch oft gr\u00f6\u00dfer und deshalb auch st\u00e4rker sind als ihre m\u00e4nnlichen Artgenossen. Bei Greifv\u00f6geln, Insekten und Fischen ist das so und in ein paar F\u00e4llen auch bei S\u00e4ugetieren. Ein Grund daf\u00fcr ist wohl, dass die Weibchen ihre Brut vor Angreifern sch\u00fctzen m\u00fcssen. Eigentlich m\u00fcssten die Frauen in der heutigen Zeit, in der sie immer h\u00e4ufiger sexuell bel\u00e4stigt werden, auch gr\u00f6\u00dfer und kr\u00e4ftiger sein als die M\u00e4nner.\u00a0 Nur mal so. Aber vielleicht geht die menschliche Entwicklung in der Zukunft ja in diese Richtung. F\u00fcr mich kommt das dann allerdings leider zu sp\u00e4t<\/p>\n<p>Aber dann ist da bei mir noch die Sache mit den Adern oder dem Haarflaum. Eine Frau mit diesen Merkmalen darf in meinem Beuteschema auch kleiner sein. Seltsam, oder?<\/p>\n<p>Aber vielleicht ist das ein Indiz daf\u00fcr, dass ich den etwas maskulineren, streng wirkenden Typ Frau mit markanten Gesichtsz\u00fcgen bevorzuge. Das macht dann wohl die fehlende K\u00f6rpergr\u00f6\u00dfe wieder wett.<\/p>\n<p>Makrophilie an sich ist laut Wikipedia ja auch kein Fetisch. Wobei zu erw\u00e4hnen ist, dass\u00a0\u00a0es zur Makrophilie bisher kaum wissenschaftlich untermauerte Erkenntnisse oder Publikationen gibt und erst durch das Internet \u00fcberhaupt in der \u00d6ffentlichkeit bekannt wurde.<\/p>\n<p>Meiner Meinung nach geh\u00f6rt - abgesehen von der GTS- Makrophilie und der sogenannten crush-Variante ( dem Wunsch, von einer Riesin zerquetscht zu werden ) - immer ein Fetisch dazu. Grosse F\u00fc\u00dfe, oder wie bei mir grosse H\u00e4nde.<\/p>\n<p>Und meiner Meinung nach reicht bei einem makrophil veranlagten Mann oft allein die Anwesenheit einer gro\u00dfgewachsenen oder gr\u00f6\u00dferen Frau.<br \/>\nSo wie heute, als ich hinter einer um fast einen Kopf gr\u00f6\u00dferen Frau mit gewaltigem Po, strammen Oberschenkeln und Waden stand und allein durch diese Situation das Gef\u00fchl hatte, klein und schwach zu sein, so wie damals als Zehnj\u00e4hriger.<br \/>\nAuch der Vergleich zur Gr\u00f6\u00dfe der vor ihr stehenden Frau hat mich sexuell stimuliert.<br \/>\nOft beginnt dann auch das Kopfkino. Ich stelle mir dann vor, ihren Po zu ber\u00fchren und deshalb von ihr eine Ohrfeige zu kassieren.<br \/>\nIn den 60ern, als ich noch Kind war, k\u00f6nnte man fast t\u00e4glich sehen, wie gro\u00dfgewachsene, kr\u00e4ftig gebaute Frauen ihre frechen G\u00f6ren an Ort und Stelle abstraften. Da brauchte man nicht soviel Phantasie wie heute. Da ist ja allein der Gedanke schon fast strafbar.<\/p>\n<p>Auf <a href=\"https:\/\/qr.ae\/TUym1u\" target=\"_blank\" rel=\"noopener\">Quora habe ich die Frage gestellt<\/a>, warum es kein weibliches Pendant zum makrophilen man gibt-<\/p>\n<p>.... <strong>Es gibt also Einiges zu erz\u00e4hlen auf dieser Seite in den kommenden Tagen und Wochen<\/strong>. <strong>Deshalb immer mal wieder reinschauen!<\/strong><\/p>\n<h2><img loading=\"lazy\" decoding=\"async\" class=\"alignnone wp-image-9320\" src=\"https:\/\/licence24.de\/wordpress\/wordpress\/wp-content\/uploads\/2019\/02\/makrophil_1-225x300.jpg\" alt=\"\" width=\"700\" height=\"933\" srcset=\"https:\/\/licence24.de\/wordpress\/wordpress\/wp-content\/uploads\/2019\/02\/makrophil_1-225x300.jpg 225w, https:\/\/licence24.de\/wordpress\/wordpress\/wp-content\/uploads\/2019\/02\/makrophil_1.jpg 450w\" sizes=\"auto, (max-width: 700px) 100vw, 700px\" \/><\/h2>\n<h2><span style=\"color: #ff0000;\">&gt;&gt;&gt; N\u00e4chste Seite &gt;&gt;&gt;<\/span> <a href=\"https:\/\/licence24.de\/wordpress\/wordpress\/alles-ueber-haende\/\">\"Alles \u00dcber H\u00e4nde\"<\/a><\/h2>\n<\/div>\n<\/div>\n<p>Views: 112<\/p>","protected":false},"excerpt":{"rendered":"<p>Hier entsteht eine Seite \u00fcber Makrophilie. Nein, Makrophilie ist nichts Unanst\u00e4ndiges! Da ich selbst makrophil in der Form bin, dass mich Frauen, die gr\u00f6\u00dfer sind als ich, sexuell erregen, m\u00f6chte ich hier \u00fcber Makrophilie aus meiner Sicht berichten. Im \u00dcbrigen bezieht sich die Makrophilie bei mir auch auf die (gr\u00f6\u00dferen) H\u00e4nde meiner Sexualpartnerin. F\u00fc\u00dfe hingegen &hellip; <\/p>\n<p class=\"link-more\"><a href=\"https:\/\/licence24.de\/wordpress\/wordpress\/was-ist-makrophilie\/\" class=\"read-more\">Read More<span class=\"screen-reader-text\"> &#8220;Was ist Makrophilie?&#8221;<\/span><\/a><\/p>\n","protected":false},"author":1,"featured_media":0,"parent":0,"menu_order":0,"comment_status":"closed","ping_status":"closed","template":"","meta":{"_lmt_disableupdate":"","_lmt_disable":"","_exactmetrics_skip_tracking":false,"_exactmetrics_sitenote_active":false,"_exactmetrics_sitenote_note":"","_exactmetrics_sitenote_category":0,"_monsterinsights_skip_tracking":false,"_monsterinsights_sitenote_active":false,"_monsterinsights_sitenote_note":"","_monsterinsights_sitenote_category":0,"footnotes":""},"class_list":["post-9318","page","type-page","status-publish","hentry"],"yoast_head":"<!-- This site is optimized with the Yoast SEO plugin v27.4 - https:\/\/yoast.com\/product\/yoast-seo-wordpress\/ -->\n<title>Was ist Makrophilie? - licence24.de Blog<\/title>\n<meta name=\"robots\" content=\"index, follow, max-snippet:-1, max-image-preview:large, max-video-preview:-1\" \/>\n<link rel=\"canonical\" href=\"https:\/\/licence24.de\/wordpress\/wordpress\/was-ist-makrophilie\/\" \/>\n<meta property=\"og:locale\" content=\"de_DE\" \/>\n<meta property=\"og:type\" content=\"article\" \/>\n<meta property=\"og:title\" content=\"Was ist Makrophilie? - licence24.de Blog\" \/>\n<meta property=\"og:description\" content=\"Hier entsteht eine Seite \u00fcber Makrophilie. Nein, Makrophilie ist nichts Unanst\u00e4ndiges! Da ich selbst makrophil in der Form bin, dass mich Frauen, die gr\u00f6\u00dfer sind als ich, sexuell erregen, m\u00f6chte ich hier \u00fcber Makrophilie aus meiner Sicht berichten. Im \u00dcbrigen bezieht sich die Makrophilie bei mir auch auf die (gr\u00f6\u00dferen) H\u00e4nde meiner Sexualpartnerin. F\u00fc\u00dfe hingegen &hellip; Read More &quot;Was ist Makrophilie?&quot;\" \/>\n<meta property=\"og:url\" content=\"https:\/\/licence24.de\/wordpress\/wordpress\/was-ist-makrophilie\/\" \/>\n<meta property=\"og:site_name\" content=\"licence24.de Blog\" \/>\n<meta property=\"article:modified_time\" content=\"2019-02-14T11:35:46+00:00\" \/>\n<meta property=\"og:image\" content=\"https:\/\/licence24.de\/wordpress\/wordpress\/wp-content\/uploads\/2019\/02\/makrophil2-199x300.jpg\" \/>\n<meta name=\"twitter:card\" content=\"summary_large_image\" \/>\n<meta name=\"twitter:label1\" content=\"Gesch\u00e4tzte Lesezeit\" \/>\n\t<meta name=\"twitter:data1\" content=\"4\u00a0Minuten\" \/>\n<script type=\"application\/ld+json\" class=\"yoast-schema-graph\">{\"@context\":\"https:\\\/\\\/schema.org\",\"@graph\":[{\"@type\":\"WebPage\",\"@id\":\"https:\\\/\\\/licence24.de\\\/wordpress\\\/wordpress\\\/was-ist-makrophilie\\\/\",\"url\":\"https:\\\/\\\/licence24.de\\\/wordpress\\\/wordpress\\\/was-ist-makrophilie\\\/\",\"name\":\"Was ist Makrophilie? - licence24.de Blog\",\"isPartOf\":{\"@id\":\"https:\\\/\\\/licence24.de\\\/wordpress\\\/wordpress\\\/#website\"},\"primaryImageOfPage\":{\"@id\":\"https:\\\/\\\/licence24.de\\\/wordpress\\\/wordpress\\\/was-ist-makrophilie\\\/#primaryimage\"},\"image\":{\"@id\":\"https:\\\/\\\/licence24.de\\\/wordpress\\\/wordpress\\\/was-ist-makrophilie\\\/#primaryimage\"},\"thumbnailUrl\":\"https:\\\/\\\/licence24.de\\\/wordpress\\\/wordpress\\\/wp-content\\\/uploads\\\/2019\\\/02\\\/makrophil2-199x300.jpg\",\"datePublished\":\"2019-02-13T17:17:40+00:00\",\"dateModified\":\"2019-02-14T11:35:46+00:00\",\"breadcrumb\":{\"@id\":\"https:\\\/\\\/licence24.de\\\/wordpress\\\/wordpress\\\/was-ist-makrophilie\\\/#breadcrumb\"},\"inLanguage\":\"de\",\"potentialAction\":[{\"@type\":\"ReadAction\",\"target\":[\"https:\\\/\\\/licence24.de\\\/wordpress\\\/wordpress\\\/was-ist-makrophilie\\\/\"]}]},{\"@type\":\"ImageObject\",\"inLanguage\":\"de\",\"@id\":\"https:\\\/\\\/licence24.de\\\/wordpress\\\/wordpress\\\/was-ist-makrophilie\\\/#primaryimage\",\"url\":\"https:\\\/\\\/licence24.de\\\/wordpress\\\/wordpress\\\/wp-content\\\/uploads\\\/2019\\\/02\\\/makrophil2.jpg\",\"contentUrl\":\"https:\\\/\\\/licence24.de\\\/wordpress\\\/wordpress\\\/wp-content\\\/uploads\\\/2019\\\/02\\\/makrophil2.jpg\",\"width\":417,\"height\":628,\"caption\":\"Die Frau der Zukunft?\"},{\"@type\":\"BreadcrumbList\",\"@id\":\"https:\\\/\\\/licence24.de\\\/wordpress\\\/wordpress\\\/was-ist-makrophilie\\\/#breadcrumb\",\"itemListElement\":[{\"@type\":\"ListItem\",\"position\":1,\"name\":\"Startseite\",\"item\":\"https:\\\/\\\/licence24.de\\\/wordpress\\\/wordpress\\\/\"},{\"@type\":\"ListItem\",\"position\":2,\"name\":\"Was ist Makrophilie?\"}]},{\"@type\":\"WebSite\",\"@id\":\"https:\\\/\\\/licence24.de\\\/wordpress\\\/wordpress\\\/#website\",\"url\":\"https:\\\/\\\/licence24.de\\\/wordpress\\\/wordpress\\\/\",\"name\":\"licence24.de Blog\",\"description\":\"AnnDees Amazons\u2122  eMail: ad@licence24.de\",\"publisher\":{\"@id\":\"https:\\\/\\\/licence24.de\\\/wordpress\\\/wordpress\\\/#\\\/schema\\\/person\\\/a0fb60ac1b8d463f90af7afaa6534332\"},\"potentialAction\":[{\"@type\":\"SearchAction\",\"target\":{\"@type\":\"EntryPoint\",\"urlTemplate\":\"https:\\\/\\\/licence24.de\\\/wordpress\\\/wordpress\\\/?s={search_term_string}\"},\"query-input\":{\"@type\":\"PropertyValueSpecification\",\"valueRequired\":true,\"valueName\":\"search_term_string\"}}],\"inLanguage\":\"de\"},{\"@type\":[\"Person\",\"Organization\"],\"@id\":\"https:\\\/\\\/licence24.de\\\/wordpress\\\/wordpress\\\/#\\\/schema\\\/person\\\/a0fb60ac1b8d463f90af7afaa6534332\",\"name\":\"AnnDee\",\"image\":{\"@type\":\"ImageObject\",\"inLanguage\":\"de\",\"@id\":\"https:\\\/\\\/licence24.de\\\/wordpress\\\/wordpress\\\/wp-content\\\/uploads\\\/2021\\\/12\\\/logo_licence_klein-2.jpg\",\"url\":\"https:\\\/\\\/licence24.de\\\/wordpress\\\/wordpress\\\/wp-content\\\/uploads\\\/2021\\\/12\\\/logo_licence_klein-2.jpg\",\"contentUrl\":\"https:\\\/\\\/licence24.de\\\/wordpress\\\/wordpress\\\/wp-content\\\/uploads\\\/2021\\\/12\\\/logo_licence_klein-2.jpg\",\"width\":100,\"height\":100,\"caption\":\"AnnDee\"},\"logo\":{\"@id\":\"https:\\\/\\\/licence24.de\\\/wordpress\\\/wordpress\\\/wp-content\\\/uploads\\\/2021\\\/12\\\/logo_licence_klein-2.jpg\"},\"sameAs\":[\"https:\\\/\\\/licence24.de\"]}]}<\/script>\n<!-- \/ Yoast SEO plugin. -->","yoast_head_json":{"title":"Was ist Makrophilie? - licence24.de Blog","robots":{"index":"index","follow":"follow","max-snippet":"max-snippet:-1","max-image-preview":"max-image-preview:large","max-video-preview":"max-video-preview:-1"},"canonical":"https:\/\/licence24.de\/wordpress\/wordpress\/was-ist-makrophilie\/","og_locale":"de_DE","og_type":"article","og_title":"Was ist Makrophilie? - licence24.de Blog","og_description":"Hier entsteht eine Seite \u00fcber Makrophilie. Nein, Makrophilie ist nichts Unanst\u00e4ndiges! Da ich selbst makrophil in der Form bin, dass mich Frauen, die gr\u00f6\u00dfer sind als ich, sexuell erregen, m\u00f6chte ich hier \u00fcber Makrophilie aus meiner Sicht berichten. Im \u00dcbrigen bezieht sich die Makrophilie bei mir auch auf die (gr\u00f6\u00dferen) H\u00e4nde meiner Sexualpartnerin. F\u00fc\u00dfe hingegen &hellip; Read More \"Was ist Makrophilie?\"","og_url":"https:\/\/licence24.de\/wordpress\/wordpress\/was-ist-makrophilie\/","og_site_name":"licence24.de Blog","article_modified_time":"2019-02-14T11:35:46+00:00","og_image":[{"url":"https:\/\/licence24.de\/wordpress\/wordpress\/wp-content\/uploads\/2019\/02\/makrophil2-199x300.jpg","type":"","width":"","height":""}],"twitter_card":"summary_large_image","twitter_misc":{"Gesch\u00e4tzte Lesezeit":"4\u00a0Minuten"},"schema":{"@context":"https:\/\/schema.org","@graph":[{"@type":"WebPage","@id":"https:\/\/licence24.de\/wordpress\/wordpress\/was-ist-makrophilie\/","url":"https:\/\/licence24.de\/wordpress\/wordpress\/was-ist-makrophilie\/","name":"Was ist Makrophilie? - licence24.de Blog","isPartOf":{"@id":"https:\/\/licence24.de\/wordpress\/wordpress\/#website"},"primaryImageOfPage":{"@id":"https:\/\/licence24.de\/wordpress\/wordpress\/was-ist-makrophilie\/#primaryimage"},"image":{"@id":"https:\/\/licence24.de\/wordpress\/wordpress\/was-ist-makrophilie\/#primaryimage"},"thumbnailUrl":"https:\/\/licence24.de\/wordpress\/wordpress\/wp-content\/uploads\/2019\/02\/makrophil2-199x300.jpg","datePublished":"2019-02-13T17:17:40+00:00","dateModified":"2019-02-14T11:35:46+00:00","breadcrumb":{"@id":"https:\/\/licence24.de\/wordpress\/wordpress\/was-ist-makrophilie\/#breadcrumb"},"inLanguage":"de","potentialAction":[{"@type":"ReadAction","target":["https:\/\/licence24.de\/wordpress\/wordpress\/was-ist-makrophilie\/"]}]},{"@type":"ImageObject","inLanguage":"de","@id":"https:\/\/licence24.de\/wordpress\/wordpress\/was-ist-makrophilie\/#primaryimage","url":"https:\/\/licence24.de\/wordpress\/wordpress\/wp-content\/uploads\/2019\/02\/makrophil2.jpg","contentUrl":"https:\/\/licence24.de\/wordpress\/wordpress\/wp-content\/uploads\/2019\/02\/makrophil2.jpg","width":417,"height":628,"caption":"Die Frau der Zukunft?"},{"@type":"BreadcrumbList","@id":"https:\/\/licence24.de\/wordpress\/wordpress\/was-ist-makrophilie\/#breadcrumb","itemListElement":[{"@type":"ListItem","position":1,"name":"Startseite","item":"https:\/\/licence24.de\/wordpress\/wordpress\/"},{"@type":"ListItem","position":2,"name":"Was ist Makrophilie?"}]},{"@type":"WebSite","@id":"https:\/\/licence24.de\/wordpress\/wordpress\/#website","url":"https:\/\/licence24.de\/wordpress\/wordpress\/","name":"licence24.de Blog","description":"AnnDees Amazons\u2122  eMail: ad@licence24.de","publisher":{"@id":"https:\/\/licence24.de\/wordpress\/wordpress\/#\/schema\/person\/a0fb60ac1b8d463f90af7afaa6534332"},"potentialAction":[{"@type":"SearchAction","target":{"@type":"EntryPoint","urlTemplate":"https:\/\/licence24.de\/wordpress\/wordpress\/?s={search_term_string}"},"query-input":{"@type":"PropertyValueSpecification","valueRequired":true,"valueName":"search_term_string"}}],"inLanguage":"de"},{"@type":["Person","Organization"],"@id":"https:\/\/licence24.de\/wordpress\/wordpress\/#\/schema\/person\/a0fb60ac1b8d463f90af7afaa6534332","name":"AnnDee","image":{"@type":"ImageObject","inLanguage":"de","@id":"https:\/\/licence24.de\/wordpress\/wordpress\/wp-content\/uploads\/2021\/12\/logo_licence_klein-2.jpg","url":"https:\/\/licence24.de\/wordpress\/wordpress\/wp-content\/uploads\/2021\/12\/logo_licence_klein-2.jpg","contentUrl":"https:\/\/licence24.de\/wordpress\/wordpress\/wp-content\/uploads\/2021\/12\/logo_licence_klein-2.jpg","width":100,"height":100,"caption":"AnnDee"},"logo":{"@id":"https:\/\/licence24.de\/wordpress\/wordpress\/wp-content\/uploads\/2021\/12\/logo_licence_klein-2.jpg"},"sameAs":["https:\/\/licence24.de"]}]}},"jetpack_sharing_enabled":true,"_links":{"self":[{"href":"https:\/\/licence24.de\/wordpress\/wordpress\/wp-json\/wp\/v2\/pages\/9318","targetHints":{"allow":["GET"]}}],"collection":[{"href":"https:\/\/licence24.de\/wordpress\/wordpress\/wp-json\/wp\/v2\/pages"}],"about":[{"href":"https:\/\/licence24.de\/wordpress\/wordpress\/wp-json\/wp\/v2\/types\/page"}],"author":[{"embeddable":true,"href":"https:\/\/licence24.de\/wordpress\/wordpress\/wp-json\/wp\/v2\/users\/1"}],"replies":[{"embeddable":true,"href":"https:\/\/licence24.de\/wordpress\/wordpress\/wp-json\/wp\/v2\/comments?post=9318"}],"version-history":[{"count":0,"href":"https:\/\/licence24.de\/wordpress\/wordpress\/wp-json\/wp\/v2\/pages\/9318\/revisions"}],"wp:attachment":[{"href":"https:\/\/licence24.de\/wordpress\/wordpress\/wp-json\/wp\/v2\/media?parent=9318"}],"curies":[{"name":"wp","href":"https:\/\/api.w.org\/{rel}","templated":true}]}}